{"id":102,"date":"2009-08-09T21:49:12","date_gmt":"2009-08-09T19:49:12","guid":{"rendered":"http:\/\/ngc1997.fr\/Astrophotographie\/?page_id=102"},"modified":"2009-08-12T00:10:52","modified_gmt":"2009-08-11T22:10:52","slug":"iris-en-action%e2%80%a6","status":"publish","type":"page","link":"http:\/\/ngc1997.fr\/Astrophotographie\/technique\/traitement-dimages\/iris\/iris-en-action%e2%80%a6","title":{"rendered":"Iris en action\u2026"},"content":{"rendered":"<p style=\"text-align: justify;\">Je vous conseille d\u00e9j\u00e0 d&rsquo;imprimer la \u00ab\u00a0road-map\u00a0\u00bb disponible sur le site d&rsquo;Iris, cela permettra de suivre plus facilement les vid\u00e9os&#8230;<\/p>\n<p style=\"text-align: justify;\">On suppose bien s\u00fbr ici que les photos pour le <em>pr\u00e9traitement<\/em> sont acquises et que les photos sont prises au format \u00ab\u00a0RAW\u00a0\u00bb (.CRW pour canon, .NEF pour Nikon, etc).<\/p>\n<p style=\"text-align: justify;\">Bien s\u00fbr dans un premier temps on souhaiterait se passer des images de <em>pr\u00e9traitement<\/em> mais le gain entre des images avec et sans <em>pr\u00e9traitement<\/em> est vraiment tr\u00e8s important, au point de jeter ses premi\u00e8res images pour lesquelles on ne l&rsquo;a pas fait !!<\/p>\n<p style=\"text-align: justify;\">\n<p style=\"text-align: justify;\">Pour lire les vid\u00e9os je vous conseille <a href=\"http:\/\/www.videolan.org\/vlc\/\">VLC<\/a>, disponible aussi sous forme de plug-in avec <a href=\"http:\/\/www.mozilla-europe.org\/fr\/\">Mozilla Firefox&#8230;<\/a><\/p>\n<ul>\n<li style=\"text-align: justify;\">Apr\u00e8s avoir install\u00e9 Iris, il faut lui indiquer quelques r\u00e9glages :<br \/>\n<br \/>Le choix du r\u00e9pertoire de travail (cr\u00e9\u00e9 au pr\u00e9alable), le format de travail des fichiers (.PIC pour les appareils photo num\u00e9riques)&#8230;<\/p>\n<div style=\"height:10px;display:block;\"> <\/div>\n<div style=\"width: 350px\" class=\"wp-caption aligncenter\"><a href=\"http:\/\/www.ngc1997.fr\/video\/Iris_1.avi\"><img data-recalc-dims=\"1\" loading=\"lazy\" decoding=\"async\" title=\"R\u00e9glages Iris\" src=\"https:\/\/i0.wp.com\/www.ngc1997.fr\/images\/aide_iris\/Iris_1.jpg?resize=350%2C263\" alt=\"R\u00e9glages Iris\" width=\"350\" height=\"263\" \/><\/a><p class=\"wp-caption-text\">R\u00e9glages Iris<\/p><\/div>\n<p style=\"text-align: center;\">Cliquer sur l&rsquo;image.<\/p>\n<p style=\"text-align: center;\">(Avec internet explorer on peut aussi faire clique droit et <code>enregistrer la cible sous...<\/code>)<\/p>\n<\/li>\n<div style=\"height:10px;display:block;\"> <\/div>\n<li style=\"text-align: justify;\">Ensuite il faut indiquer le mod\u00e8le d&rsquo;appareil photo num\u00e9rique (abr\u00e9g\u00e9 par APN pour la suite) utilis\u00e9, ainsi que les coefficients \u00e0 appliquer pour la balance  des blancs (ce r\u00e9glage est facultatif et pourra se faire plus tard avec le menu balance des blancs).\n<div style=\"height:10px;display:block;\"> <\/div>\n<p><div style=\"width: 350px\" class=\"wp-caption aligncenter\"><a href=\"http:\/\/www.ngc1997.fr\/video\/Iris_2.avi\"><img data-recalc-dims=\"1\" loading=\"lazy\" decoding=\"async\" title=\"Vid\u00e9o Iris 2\" src=\"https:\/\/i0.wp.com\/www.ngc1997.fr\/images\/aide_iris\/Iris_2.jpg?resize=350%2C263\" alt=\"Cliquer sur limage. \" width=\"350\" height=\"263\" \/><\/a><p class=\"wp-caption-text\">Cliquer sur l&#39;image. <\/p><\/div><\/li>\n<div style=\"height:10px;display:block;\"> <\/div>\n<p><a href=\"video\/Iris_2.avi\"><br \/>\n<\/a><\/p>\n<li style=\"text-align: justify;\">Et maintenant on peut charger nos premi\u00e8res images, ici on \u00ab\u00a0d\u00e9code\u00a0\u00bb des images d&rsquo;offset (voir la \u00ab\u00a0road-map\u00a0\u00bb ou le site de C.Buil pour plus de d\u00e9tails).<br \/>\nLes images de travail sont en noir et blanc car il s&rsquo;agit d&rsquo;images \u00ab\u00a0brutes\u00a0\u00bb.<\/p>\n<div style=\"height:10px;display:block;\"> <\/div>\n<p><div style=\"width: 350px\" class=\"wp-caption aligncenter\"><a href=\"http:\/\/www.ngc1997.fr\/video\/Iris_3.avi\"><img data-recalc-dims=\"1\" loading=\"lazy\" decoding=\"async\" title=\"Video Iris 3\" src=\"https:\/\/i0.wp.com\/www.ngc1997.fr\/images\/aide_iris\/Iris_3.jpg?resize=350%2C263\" alt=\"Cliquer sur limage.\" width=\"350\" height=\"263\" \/><\/a><p class=\"wp-caption-text\">Cliquer sur l&#39;image.<\/p><\/div><\/li>\n<div style=\"height:10px;display:block;\"> <\/div>\n<li style=\"text-align: justify;\">Puisqu&rsquo;on a d\u00e9cod\u00e9 les images d&rsquo;offset il ne reste plus qu&rsquo;\u00e0 r\u00e9aliser l&rsquo;offset \u00ab\u00a0MAITRE\u00a0\u00bb et <em>surtout ne pas oublier de le <strong>sauvegarder<\/strong><\/em> (commande <code>save [nom du fichier]<\/code> dans la boite de commande) !!\n<div style=\"height:10px;display:block;\"> <\/div>\n<p><div style=\"width: 350px\" class=\"wp-caption aligncenter\"><a href=\"http:\/\/www.ngc1997.fr\/video\/Iris_4.avi\"><img data-recalc-dims=\"1\" loading=\"lazy\" decoding=\"async\" title=\"Video Iris 4\" src=\"https:\/\/i0.wp.com\/www.ngc1997.fr\/images\/aide_iris\/Iris_4.jpg?resize=350%2C263\" alt=\"Cliquer sur limage.\" width=\"350\" height=\"263\" \/><\/a><p class=\"wp-caption-text\">Cliquer sur l&#39;image.<\/p><\/div><\/li>\n<div style=\"height:10px;display:block;\"> <\/div>\n<li style=\"text-align: justify;\">Apr\u00e8s l&rsquo;offset il faut s&rsquo;occuper des images de \u00ab\u00a0Dark\u00a0\u00bb (m\u00eame temps d&rsquo;exposition que les images proprement dites mais dans l&rsquo;obscurit\u00e9 totale &#8211; en pratique avec un bouchon sur l&rsquo;objectif ou l&rsquo;appareil -).<\/li>\n<div style=\"height:10px;display:block;\"> <\/div>\n<div style=\"width: 350px\" class=\"wp-caption aligncenter\"><a href=\"http:\/\/www.ngc1997.fr\/video\/Iris_5.avi\"><img data-recalc-dims=\"1\" loading=\"lazy\" decoding=\"async\" title=\"Video Iris 5\" src=\"https:\/\/i0.wp.com\/www.ngc1997.fr\/images\/aide_iris\/Iris_5.jpg?resize=350%2C263\" alt=\"Cliquer sur limage. \" width=\"350\" height=\"263\" \/><\/a><p class=\"wp-caption-text\">Cliquer sur l&#39;image. <\/p><\/div>\n<div style=\"height:10px;display:block;\"> <\/div>\n<li style=\"text-align: justify;\">Il faut l\u00e0 aussi faire le dark \u00ab\u00a0MAITRE\u00a0\u00bb \u00e0 l&rsquo;aide du menu \u00ab\u00a0Photo num\u00e9rique\u00a0\u00bb et ne pas oublier de l&rsquo;enregistrer !!\n<div style=\"height:10px;display:block;\"> <\/div>\n<p><div style=\"width: 350px\" class=\"wp-caption aligncenter\"><a href=\"http:\/\/www.ngc1997.fr\/video\/Iris_6.avi\"><img data-recalc-dims=\"1\" loading=\"lazy\" decoding=\"async\" title=\"Video Iris 6\" src=\"https:\/\/i0.wp.com\/www.ngc1997.fr\/images\/aide_iris\/Iris_6.jpg?resize=350%2C263\" alt=\"Cliquer sur limage. \" width=\"350\" height=\"263\" \/><\/a><p class=\"wp-caption-text\">Cliquer sur l&#39;image. <\/p><\/div><\/li>\n<div style=\"height:10px;display:block;\"> <\/div>\n<p><a href=\"video\/Iris_6.avi\"><br \/>\n<\/a><\/p>\n<p style=\"text-align: center;\"><a href=\"http:\/\/ngc1997.fr\/Astrophotographie\/iris-en-action-2\">Suite&#8230;<\/p>\n<p><\/a><\/p>\n<\/ul>\n","protected":false},"excerpt":{"rendered":"<p>Je vous conseille d\u00e9j\u00e0 d&rsquo;imprimer la \u00ab\u00a0road-map\u00a0\u00bb disponible sur le site d&rsquo;Iris, cela permettra de suivre plus facilement les vid\u00e9os&#8230; On suppose bien s\u00fbr ici que les photos pour le pr\u00e9traitement sont acquises et que les photos sont prises au format \u00ab\u00a0RAW\u00a0\u00bb (.CRW pour canon, .NEF pour Nikon, etc). Bien s\u00fbr dans un premier temps &hellip; <\/p>\n<p><a class=\"more-link btn\" href=\"http:\/\/ngc1997.fr\/Astrophotographie\/technique\/traitement-dimages\/iris\/iris-en-action%e2%80%a6\">Lire la suite<\/a><\/p>\n","protected":false},"author":2,"featured_media":0,"parent":228,"menu_order":0,"comment_status":"closed","ping_status":"open","template":"page-without-sidebar.php","meta":{"ngg_post_thumbnail":0,"jetpack_post_was_ever_published":false,"footnotes":""},"class_list":["post-102","page","type-page","status-publish","hentry","nodate","item-wrap"],"jetpack_sharing_enabled":true,"jetpack_shortlink":"https:\/\/wp.me\/P9djkl-1E","jetpack_likes_enabled":true,"jetpack-related-posts":[],"_links":{"self":[{"href":"http:\/\/ngc1997.fr\/Astrophotographie\/wp-json\/wp\/v2\/pages\/102"}],"collection":[{"href":"http:\/\/ngc1997.fr\/Astrophotographie\/wp-json\/wp\/v2\/pages"}],"about":[{"href":"http:\/\/ngc1997.fr\/Astrophotographie\/wp-json\/wp\/v2\/types\/page"}],"author":[{"embeddable":true,"href":"http:\/\/ngc1997.fr\/Astrophotographie\/wp-json\/wp\/v2\/users\/2"}],"replies":[{"embeddable":true,"href":"http:\/\/ngc1997.fr\/Astrophotographie\/wp-json\/wp\/v2\/comments?post=102"}],"version-history":[{"count":0,"href":"http:\/\/ngc1997.fr\/Astrophotographie\/wp-json\/wp\/v2\/pages\/102\/revisions"}],"up":[{"embeddable":true,"href":"http:\/\/ngc1997.fr\/Astrophotographie\/wp-json\/wp\/v2\/pages\/228"}],"wp:attachment":[{"href":"http:\/\/ngc1997.fr\/Astrophotographie\/wp-json\/wp\/v2\/media?parent=102"}],"curies":[{"name":"wp","href":"https:\/\/api.w.org\/{rel}","templated":true}]}}