{"id":184,"date":"2009-08-10T11:55:22","date_gmt":"2009-08-10T09:55:22","guid":{"rendered":"http:\/\/ngc1997.fr\/Astrophotographie\/?page_id=184"},"modified":"2009-08-12T14:41:36","modified_gmt":"2009-08-12T12:41:36","slug":"traitement-dimages","status":"publish","type":"page","link":"http:\/\/ngc1997.fr\/Astrophotographie\/technique\/traitement-dimages","title":{"rendered":"Traitement d&rsquo;images"},"content":{"rendered":"<p>Quelques aides pour diff\u00e9rents logiciels utilis\u00e9s pour traiter les images astronomiques.<\/p>\n<p><strong>Acc\u00e8s direct aux diff\u00e9rentes parties :<\/strong> <\/p>\n<ul>\n<!--list_children()-->\n<\/ul>\n","protected":false},"excerpt":{"rendered":"<p>Quelques aides pour diff\u00e9rents logiciels utilis\u00e9s pour traiter les images astronomiques. Acc\u00e8s direct aux diff\u00e9rentes parties :<\/p>\n","protected":false},"author":2,"featured_media":0,"parent":177,"menu_order":0,"comment_status":"closed","ping_status":"open","template":"","meta":{"ngg_post_thumbnail":0,"jetpack_post_was_ever_published":false,"footnotes":""},"class_list":["post-184","page","type-page","status-publish","hentry","nodate","item-wrap"],"jetpack_sharing_enabled":true,"jetpack_shortlink":"https:\/\/wp.me\/P9djkl-2Y","jetpack_likes_enabled":true,"jetpack-related-posts":[],"_links":{"self":[{"href":"http:\/\/ngc1997.fr\/Astrophotographie\/wp-json\/wp\/v2\/pages\/184"}],"collection":[{"href":"http:\/\/ngc1997.fr\/Astrophotographie\/wp-json\/wp\/v2\/pages"}],"about":[{"href":"http:\/\/ngc1997.fr\/Astrophotographie\/wp-json\/wp\/v2\/types\/page"}],"author":[{"embeddable":true,"href":"http:\/\/ngc1997.fr\/Astrophotographie\/wp-json\/wp\/v2\/users\/2"}],"replies":[{"embeddable":true,"href":"http:\/\/ngc1997.fr\/Astrophotographie\/wp-json\/wp\/v2\/comments?post=184"}],"version-history":[{"count":0,"href":"http:\/\/ngc1997.fr\/Astrophotographie\/wp-json\/wp\/v2\/pages\/184\/revisions"}],"up":[{"embeddable":true,"href":"http:\/\/ngc1997.fr\/Astrophotographie\/wp-json\/wp\/v2\/pages\/177"}],"wp:attachment":[{"href":"http:\/\/ngc1997.fr\/Astrophotographie\/wp-json\/wp\/v2\/media?parent=184"}],"curies":[{"name":"wp","href":"https:\/\/api.w.org\/{rel}","templated":true}]}}