{"id":190,"date":"2009-08-10T11:58:22","date_gmt":"2009-08-10T09:58:22","guid":{"rendered":"http:\/\/ngc1997.fr\/Astrophotographie\/?page_id=190"},"modified":"2009-08-12T00:23:37","modified_gmt":"2009-08-11T22:23:37","slug":"prise-de-vue","status":"publish","type":"page","link":"http:\/\/ngc1997.fr\/Astrophotographie\/technique\/prise-de-vue","title":{"rendered":"Prise de vue"},"content":{"rendered":"<p style=\"text-align: justify;\">Je vais vous pr\u00e9senter sur ces pages quelques conseils pour r\u00e9aliser des photos \u00ab\u00a0astronomiques\u00a0\u00bb avec un appareil photo num\u00e9rique (APN), en effet un des int\u00e9r\u00eats de ce type d&rsquo;appareil est de pouvoir additionner plusieurs images de courte dur\u00e9e (en gros 10 images de 30 secondes sont \u00e9quivalentes \u00e0 une image de 300 secondes).<\/p>\n<p style=\"text-align: justify;\">Ces conseils sont valables quelque soit l&rsquo;APN utilis\u00e9 m\u00eame si les mod\u00e8les Canon avec leurs d\u00e9tecteurs CMOS et la possibilit\u00e9 d&rsquo;obtenir une image \u00ab\u00a0Brute\u00a0\u00bb de tout traitement ont la faveur des astronomes amateurs.<\/p>\n<p>Voici les diff\u00e9rentes parties qui sont abord\u00e9es dans ce site :<\/p>\n<ul>\n<!--list_children()-->\n<\/ul>\n","protected":false},"excerpt":{"rendered":"<p>Je vais vous pr\u00e9senter sur ces pages quelques conseils pour r\u00e9aliser des photos \u00ab\u00a0astronomiques\u00a0\u00bb avec un appareil photo num\u00e9rique (APN), en effet un des int\u00e9r\u00eats de ce type d&rsquo;appareil est de pouvoir additionner plusieurs images de courte dur\u00e9e (en gros 10 images de 30 secondes sont \u00e9quivalentes \u00e0 une image de 300 secondes). Ces conseils &hellip; <\/p>\n<p><a class=\"more-link btn\" href=\"http:\/\/ngc1997.fr\/Astrophotographie\/technique\/prise-de-vue\">Lire la suite<\/a><\/p>\n","protected":false},"author":2,"featured_media":0,"parent":177,"menu_order":0,"comment_status":"closed","ping_status":"open","template":"","meta":{"ngg_post_thumbnail":0,"jetpack_post_was_ever_published":false,"footnotes":""},"class_list":["post-190","page","type-page","status-publish","hentry","nodate","item-wrap"],"jetpack_sharing_enabled":true,"jetpack_shortlink":"https:\/\/wp.me\/P9djkl-34","jetpack_likes_enabled":true,"jetpack-related-posts":[],"_links":{"self":[{"href":"http:\/\/ngc1997.fr\/Astrophotographie\/wp-json\/wp\/v2\/pages\/190"}],"collection":[{"href":"http:\/\/ngc1997.fr\/Astrophotographie\/wp-json\/wp\/v2\/pages"}],"about":[{"href":"http:\/\/ngc1997.fr\/Astrophotographie\/wp-json\/wp\/v2\/types\/page"}],"author":[{"embeddable":true,"href":"http:\/\/ngc1997.fr\/Astrophotographie\/wp-json\/wp\/v2\/users\/2"}],"replies":[{"embeddable":true,"href":"http:\/\/ngc1997.fr\/Astrophotographie\/wp-json\/wp\/v2\/comments?post=190"}],"version-history":[{"count":0,"href":"http:\/\/ngc1997.fr\/Astrophotographie\/wp-json\/wp\/v2\/pages\/190\/revisions"}],"up":[{"embeddable":true,"href":"http:\/\/ngc1997.fr\/Astrophotographie\/wp-json\/wp\/v2\/pages\/177"}],"wp:attachment":[{"href":"http:\/\/ngc1997.fr\/Astrophotographie\/wp-json\/wp\/v2\/media?parent=190"}],"curies":[{"name":"wp","href":"https:\/\/api.w.org\/{rel}","templated":true}]}}