{"id":194,"date":"2009-08-10T11:59:25","date_gmt":"2009-08-10T09:59:25","guid":{"rendered":"http:\/\/ngc1997.fr\/Astrophotographie\/?page_id=194"},"modified":"2009-12-29T19:08:53","modified_gmt":"2009-12-29T18:08:53","slug":"comment-faire-la-mise-au-point","status":"publish","type":"page","link":"http:\/\/ngc1997.fr\/Astrophotographie\/technique\/prise-de-vue\/comment-faire-la-mise-au-point","title":{"rendered":"Comment faire la mise au point ?"},"content":{"rendered":"<p style=\"text-align: justify;\">Faire une bonne mise au point est un \u00e9l\u00e9ment crucial en astrophotographie et c&rsquo;\u00e9tait d\u00e9j\u00e0 un probl\u00e8me important avec les appareils photos argentiques.<\/p>\n<p style=\"text-align: justify;\">Toutefois il ne faut pas croire qu&rsquo;avec un appareil num\u00e9rique celle-ci va se faire automatiquement !!<\/p>\n<p style=\"text-align: justify;\">En effet s&rsquo;il est tentant d&rsquo;utiliser l&rsquo;autofocus en visant une \u00e9toile brillante lorsqu&rsquo;on utilise un objectif photo, le r\u00e9sultat sera le plus souvent approximatif.<br \/>\nDe plus avec un t\u00e9lescope ou une lunette astronomique la mise au point <em>manuelle<\/em> s&rsquo;impose&#8230;<\/p>\n<p style=\"text-align: justify;\">Il existe heureusement plusieurs m\u00e9thodes pour nous faciliter la t\u00e2che :<\/p>\n<ul style=\"text-align: justify;\">\n<li>Le masque \u00e0 trous<\/li>\n<li><a href=\"http:\/\/ngc1997.fr\/Astrophotographie\/archives\/435\" target=\"_blank\">La m\u00e9thode des \u00ab\u00a0aigrettes\u00a0\u00bb<\/a><\/li>\n<li>Le\u00a0 masque de focalisation de Bahtinov<\/li>\n<li style=\"text-align: justify;\">\u00c0 l&rsquo;aide d&rsquo;un logiciel (mais n\u00e9cessite un ordinateur \u00e0 proximit\u00e9&#8230;)<\/li>\n<li style=\"text-align: justify;\">Et maintenant un nouvelle fonction disponible sur la plupart des reflex : le\u00a0 <strong>LiveView <\/strong>(mode vid\u00e9o qui permet de faire la mise au point facilement sur une \u00e9toile)<\/li>\n<\/ul>\n","protected":false},"excerpt":{"rendered":"<p>Faire une bonne mise au point est un \u00e9l\u00e9ment crucial en astrophotographie et c&rsquo;\u00e9tait d\u00e9j\u00e0 un probl\u00e8me important avec les appareils photos argentiques. Toutefois il ne faut pas croire qu&rsquo;avec un appareil num\u00e9rique celle-ci va se faire automatiquement !! En effet s&rsquo;il est tentant d&rsquo;utiliser l&rsquo;autofocus en visant une \u00e9toile brillante lorsqu&rsquo;on utilise un objectif &hellip; <\/p>\n<p><a class=\"more-link btn\" href=\"http:\/\/ngc1997.fr\/Astrophotographie\/technique\/prise-de-vue\/comment-faire-la-mise-au-point\">Lire la suite<\/a><\/p>\n","protected":false},"author":2,"featured_media":0,"parent":190,"menu_order":0,"comment_status":"closed","ping_status":"open","template":"","meta":{"ngg_post_thumbnail":0,"jetpack_post_was_ever_published":false,"footnotes":""},"class_list":["post-194","page","type-page","status-publish","hentry","nodate","item-wrap"],"jetpack_sharing_enabled":true,"jetpack_shortlink":"https:\/\/wp.me\/P9djkl-38","jetpack_likes_enabled":true,"jetpack-related-posts":[],"_links":{"self":[{"href":"http:\/\/ngc1997.fr\/Astrophotographie\/wp-json\/wp\/v2\/pages\/194"}],"collection":[{"href":"http:\/\/ngc1997.fr\/Astrophotographie\/wp-json\/wp\/v2\/pages"}],"about":[{"href":"http:\/\/ngc1997.fr\/Astrophotographie\/wp-json\/wp\/v2\/types\/page"}],"author":[{"embeddable":true,"href":"http:\/\/ngc1997.fr\/Astrophotographie\/wp-json\/wp\/v2\/users\/2"}],"replies":[{"embeddable":true,"href":"http:\/\/ngc1997.fr\/Astrophotographie\/wp-json\/wp\/v2\/comments?post=194"}],"version-history":[{"count":0,"href":"http:\/\/ngc1997.fr\/Astrophotographie\/wp-json\/wp\/v2\/pages\/194\/revisions"}],"up":[{"embeddable":true,"href":"http:\/\/ngc1997.fr\/Astrophotographie\/wp-json\/wp\/v2\/pages\/190"}],"wp:attachment":[{"href":"http:\/\/ngc1997.fr\/Astrophotographie\/wp-json\/wp\/v2\/media?parent=194"}],"curies":[{"name":"wp","href":"https:\/\/api.w.org\/{rel}","templated":true}]}}