{"id":228,"date":"2009-08-10T15:52:47","date_gmt":"2009-08-10T13:52:47","guid":{"rendered":"http:\/\/ngc1997.fr\/Astrophotographie\/?page_id=228"},"modified":"2009-08-11T23:39:54","modified_gmt":"2009-08-11T21:39:54","slug":"iris","status":"publish","type":"page","link":"http:\/\/ngc1997.fr\/Astrophotographie\/technique\/traitement-dimages\/iris","title":{"rendered":"IRIS"},"content":{"rendered":"<p style=\"text-align: justify;\">Iris est un logiciel gratuit sp\u00e9cialis\u00e9 dans le traitement d&rsquo;images num\u00e9riques (ccd, webcam, appareil photo num\u00e9rique) et permet aussi de faire de la photom\u00e9trie, de la spectroscopie,&#8230;<\/p>\n<p style=\"text-align: justify;\">Il est d\u00e9velopp\u00e9 par Christian Buil, on peut le t\u00e9lecharger et trouver de l&rsquo;aide \u00e0 cette adresse : <a href=\"http:\/\/www.astrosurf.com\/buil\/iris\/iris.htm\" target=\"_blank\">http:\/\/www.astrosurf.com\/buil\/iris\/iris.htm<\/a><\/p>\n<p style=\"text-align: justify;\">Mon propos n&rsquo;est pas de r\u00e9\u00e9crire les diff\u00e9rentes aides (tr\u00e8s bien faites d&rsquo;ailleurs), mais d&rsquo;illustrer une \u00ab\u00a0s\u00e9ance\u00a0\u00bb typique de travail avec Iris \u00e0 l&rsquo;aide de quelques vid\u00e9os&#8230;<\/p>\n<p><strong>Acc\u00e9der \u00e0 l&rsquo;aide :<\/strong><\/p>\n<ul> <!--list_children()--><\/ul>\n","protected":false},"excerpt":{"rendered":"<p>Iris est un logiciel gratuit sp\u00e9cialis\u00e9 dans le traitement d&rsquo;images num\u00e9riques (ccd, webcam, appareil photo num\u00e9rique) et permet aussi de faire de la photom\u00e9trie, de la spectroscopie,&#8230; Il est d\u00e9velopp\u00e9 par Christian Buil, on peut le t\u00e9lecharger et trouver de l&rsquo;aide \u00e0 cette adresse : http:\/\/www.astrosurf.com\/buil\/iris\/iris.htm Mon propos n&rsquo;est pas de r\u00e9\u00e9crire les diff\u00e9rentes aides &hellip; <\/p>\n<p><a class=\"more-link btn\" href=\"http:\/\/ngc1997.fr\/Astrophotographie\/technique\/traitement-dimages\/iris\">Lire la suite<\/a><\/p>\n","protected":false},"author":2,"featured_media":0,"parent":184,"menu_order":0,"comment_status":"closed","ping_status":"open","template":"","meta":{"ngg_post_thumbnail":0,"jetpack_post_was_ever_published":false,"footnotes":""},"class_list":["post-228","page","type-page","status-publish","hentry","nodate","item-wrap"],"jetpack_sharing_enabled":true,"jetpack_shortlink":"https:\/\/wp.me\/P9djkl-3G","jetpack_likes_enabled":true,"jetpack-related-posts":[],"_links":{"self":[{"href":"http:\/\/ngc1997.fr\/Astrophotographie\/wp-json\/wp\/v2\/pages\/228"}],"collection":[{"href":"http:\/\/ngc1997.fr\/Astrophotographie\/wp-json\/wp\/v2\/pages"}],"about":[{"href":"http:\/\/ngc1997.fr\/Astrophotographie\/wp-json\/wp\/v2\/types\/page"}],"author":[{"embeddable":true,"href":"http:\/\/ngc1997.fr\/Astrophotographie\/wp-json\/wp\/v2\/users\/2"}],"replies":[{"embeddable":true,"href":"http:\/\/ngc1997.fr\/Astrophotographie\/wp-json\/wp\/v2\/comments?post=228"}],"version-history":[{"count":0,"href":"http:\/\/ngc1997.fr\/Astrophotographie\/wp-json\/wp\/v2\/pages\/228\/revisions"}],"up":[{"embeddable":true,"href":"http:\/\/ngc1997.fr\/Astrophotographie\/wp-json\/wp\/v2\/pages\/184"}],"wp:attachment":[{"href":"http:\/\/ngc1997.fr\/Astrophotographie\/wp-json\/wp\/v2\/media?parent=228"}],"curies":[{"name":"wp","href":"https:\/\/api.w.org\/{rel}","templated":true}]}}