{"id":258,"date":"2009-08-10T16:18:30","date_gmt":"2009-08-10T14:18:30","guid":{"rendered":"http:\/\/ngc1997.fr\/Astrophotographie\/?page_id=258"},"modified":"2009-08-11T19:46:26","modified_gmt":"2009-08-11T17:46:26","slug":"materiel","status":"publish","type":"page","link":"http:\/\/ngc1997.fr\/Astrophotographie\/materiel","title":{"rendered":"Mat\u00e9riel"},"content":{"rendered":"<div style=\"height: 15px; display: block;\"><\/div>\n<p><strong>Le mat\u00e9riel utilis\u00e9 pour r\u00e9aliser les diff\u00e9rentes photos du site mais aussi pour observer le ciel:<\/strong><br \/>\n<\/p>\n<ul>\n<!--list_children()-->\n<\/ul>\n<p><\/p>\n<p><strong>Et un acc\u00e8s direct aux articles du site <\/strong>:<\/p>\n<p><a href=\"http:\/\/ngc1997.fr\/Astrophotographie\/archives\/category\/materiel\">Articles<\/a><\/p>\n","protected":false},"excerpt":{"rendered":"<p>Le mat\u00e9riel utilis\u00e9 pour r\u00e9aliser les diff\u00e9rentes photos du site mais aussi pour observer le ciel: Et un acc\u00e8s direct aux articles du site : Articles<\/p>\n","protected":false},"author":2,"featured_media":0,"parent":0,"menu_order":1,"comment_status":"closed","ping_status":"open","template":"","meta":{"ngg_post_thumbnail":0,"jetpack_post_was_ever_published":false,"footnotes":""},"class_list":["post-258","page","type-page","status-publish","hentry","nodate","item-wrap"],"jetpack_sharing_enabled":true,"jetpack_shortlink":"https:\/\/wp.me\/P9djkl-4a","jetpack_likes_enabled":true,"jetpack-related-posts":[],"_links":{"self":[{"href":"http:\/\/ngc1997.fr\/Astrophotographie\/wp-json\/wp\/v2\/pages\/258"}],"collection":[{"href":"http:\/\/ngc1997.fr\/Astrophotographie\/wp-json\/wp\/v2\/pages"}],"about":[{"href":"http:\/\/ngc1997.fr\/Astrophotographie\/wp-json\/wp\/v2\/types\/page"}],"author":[{"embeddable":true,"href":"http:\/\/ngc1997.fr\/Astrophotographie\/wp-json\/wp\/v2\/users\/2"}],"replies":[{"embeddable":true,"href":"http:\/\/ngc1997.fr\/Astrophotographie\/wp-json\/wp\/v2\/comments?post=258"}],"version-history":[{"count":0,"href":"http:\/\/ngc1997.fr\/Astrophotographie\/wp-json\/wp\/v2\/pages\/258\/revisions"}],"wp:attachment":[{"href":"http:\/\/ngc1997.fr\/Astrophotographie\/wp-json\/wp\/v2\/media?parent=258"}],"curies":[{"name":"wp","href":"https:\/\/api.w.org\/{rel}","templated":true}]}}