{"id":415,"date":"2009-09-06T23:18:31","date_gmt":"2009-09-06T21:18:31","guid":{"rendered":"http:\/\/ngc1997.fr\/Astrophotographie\/?page_id=415"},"modified":"2009-11-01T20:02:49","modified_gmt":"2009-11-01T19:02:49","slug":"rencontres-astronomiques","status":"publish","type":"page","link":"http:\/\/ngc1997.fr\/Astrophotographie\/album-photo\/rencontres-astronomiques","title":{"rendered":"Rencontres astronomiques"},"content":{"rendered":"<p>Des images r\u00e9alis\u00e9es lors de Nuit des \u00e9toiles, de rencontre entre astronomes amateurs ou bien de diff\u00e9rents salons astronomiques.<\/p>\n<p>Les RCE 2006 \u00e0 Paris :<\/p>\n<p style=\"text-align: center;\">\n<div id=\"attachment_440\" style=\"width: 225px\" class=\"wp-caption aligncenter\"><a href=\"http:\/\/ngc1997.fr\/Astrophotographie\/rce_2006\"><img data-recalc-dims=\"1\" loading=\"lazy\" decoding=\"async\" aria-describedby=\"caption-attachment-440\" data-attachment-id=\"440\" data-permalink=\"http:\/\/ngc1997.fr\/Astrophotographie\/album-photo\/rencontres-astronomiques\/rce_2006_13\" data-orig-file=\"https:\/\/i0.wp.com\/ngc1997.fr\/Astrophotographie\/wp-content\/uploads\/2009\/09\/RCE_2006_13.jpg?fit=576%2C768\" data-orig-size=\"576,768\" data-comments-opened=\"1\" data-image-meta=\"{&quot;aperture&quot;:&quot;0&quot;,&quot;credit&quot;:&quot;&quot;,&quot;camera&quot;:&quot;&quot;,&quot;caption&quot;:&quot;&quot;,&quot;created_timestamp&quot;:&quot;0&quot;,&quot;copyright&quot;:&quot;LMariey&quot;,&quot;focal_length&quot;:&quot;0&quot;,&quot;iso&quot;:&quot;0&quot;,&quot;shutter_speed&quot;:&quot;0&quot;,&quot;title&quot;:&quot;&quot;}\" data-image-title=\"RCE_2006_13\" data-image-description=\"&lt;p&gt;RCE_2006&lt;\/p&gt;\n\" data-image-caption=\"&lt;p&gt;RCE_2006&lt;\/p&gt;\n\" data-medium-file=\"https:\/\/i0.wp.com\/ngc1997.fr\/Astrophotographie\/wp-content\/uploads\/2009\/09\/RCE_2006_13.jpg?fit=225%2C300\" data-large-file=\"https:\/\/i0.wp.com\/ngc1997.fr\/Astrophotographie\/wp-content\/uploads\/2009\/09\/RCE_2006_13.jpg?fit=576%2C768\" class=\"size-medium wp-image-440 \" title=\"RCE_2006_13\" src=\"https:\/\/i0.wp.com\/ngc1997.fr\/Astrophotographie\/wp-content\/uploads\/2009\/09\/RCE_2006_13.jpg?resize=225%2C300\" alt=\"RCE_2006\" width=\"225\" height=\"300\" srcset=\"https:\/\/i0.wp.com\/ngc1997.fr\/Astrophotographie\/wp-content\/uploads\/2009\/09\/RCE_2006_13.jpg?resize=225%2C300 225w, https:\/\/i0.wp.com\/ngc1997.fr\/Astrophotographie\/wp-content\/uploads\/2009\/09\/RCE_2006_13.jpg?resize=112%2C150 112w, https:\/\/i0.wp.com\/ngc1997.fr\/Astrophotographie\/wp-content\/uploads\/2009\/09\/RCE_2006_13.jpg?w=576 576w\" sizes=\"(max-width: 225px) 100vw, 225px\" \/><\/a><p id=\"caption-attachment-440\" class=\"wp-caption-text\">RCE_2006<\/p><\/div>\n<p>Cosmons \u00e0 Mons dans le var (83) :<\/p>\n<div id=\"attachment_446\" style=\"width: 300px\" class=\"wp-caption aligncenter\"><a href=\"http:\/\/ngc1997.fr\/Astrophotographie\/album-photo\/rencontres-astronomiques\/cosmons\"><img data-recalc-dims=\"1\" loading=\"lazy\" decoding=\"async\" aria-describedby=\"caption-attachment-446\" data-attachment-id=\"446\" data-permalink=\"http:\/\/ngc1997.fr\/Astrophotographie\/album-photo\/rencontres-astronomiques\/05_cosmons1\" data-orig-file=\"https:\/\/i0.wp.com\/ngc1997.fr\/Astrophotographie\/wp-content\/uploads\/2009\/11\/05_Cosmons1.jpg?fit=1152%2C768\" data-orig-size=\"1152,768\" data-comments-opened=\"1\" data-image-meta=\"{&quot;aperture&quot;:&quot;0&quot;,&quot;credit&quot;:&quot;&quot;,&quot;camera&quot;:&quot;&quot;,&quot;caption&quot;:&quot;&quot;,&quot;created_timestamp&quot;:&quot;0&quot;,&quot;copyright&quot;:&quot;&quot;,&quot;focal_length&quot;:&quot;0&quot;,&quot;iso&quot;:&quot;0&quot;,&quot;shutter_speed&quot;:&quot;0&quot;,&quot;title&quot;:&quot;&quot;}\" data-image-title=\"Cosmons\" data-image-description=\"&lt;p&gt;Cliquer sur l&amp;rsquo;image pour voir les photos&lt;\/p&gt;\n\" data-image-caption=\"&lt;p&gt;Cosmons&lt;\/p&gt;\n\" data-medium-file=\"https:\/\/i0.wp.com\/ngc1997.fr\/Astrophotographie\/wp-content\/uploads\/2009\/11\/05_Cosmons1.jpg?fit=300%2C200\" data-large-file=\"https:\/\/i0.wp.com\/ngc1997.fr\/Astrophotographie\/wp-content\/uploads\/2009\/11\/05_Cosmons1.jpg?fit=1024%2C682\" class=\"size-medium wp-image-446\" title=\"Cosmons\" src=\"https:\/\/i0.wp.com\/ngc1997.fr\/Astrophotographie\/wp-content\/uploads\/2009\/11\/05_Cosmons1.jpg?resize=300%2C200\" alt=\"Cosmons\" width=\"300\" height=\"200\" srcset=\"https:\/\/i0.wp.com\/ngc1997.fr\/Astrophotographie\/wp-content\/uploads\/2009\/11\/05_Cosmons1.jpg?resize=300%2C200 300w, https:\/\/i0.wp.com\/ngc1997.fr\/Astrophotographie\/wp-content\/uploads\/2009\/11\/05_Cosmons1.jpg?resize=150%2C100 150w, https:\/\/i0.wp.com\/ngc1997.fr\/Astrophotographie\/wp-content\/uploads\/2009\/11\/05_Cosmons1.jpg?resize=1024%2C682 1024w, https:\/\/i0.wp.com\/ngc1997.fr\/Astrophotographie\/wp-content\/uploads\/2009\/11\/05_Cosmons1.jpg?w=1152 1152w\" sizes=\"(max-width: 300px) 100vw, 300px\" \/><\/a><p id=\"caption-attachment-446\" class=\"wp-caption-text\">Cosmons<\/p><\/div>\n<p style=\"text-align: center;\">\n<p style=\"text-align: center;\">\n<p style=\"text-align: center;\">\n<p style=\"text-align: center;\">\n","protected":false},"excerpt":{"rendered":"<p>Des images r\u00e9alis\u00e9es lors de Nuit des \u00e9toiles, de rencontre entre astronomes amateurs ou bien de diff\u00e9rents salons astronomiques. Les RCE 2006 \u00e0 Paris : Cosmons \u00e0 Mons dans le var (83) :<\/p>\n","protected":false},"author":2,"featured_media":0,"parent":202,"menu_order":0,"comment_status":"closed","ping_status":"open","template":"","meta":{"ngg_post_thumbnail":0,"jetpack_post_was_ever_published":false,"footnotes":""},"class_list":["post-415","page","type-page","status-publish","hentry","nodate","item-wrap"],"jetpack_sharing_enabled":true,"jetpack_shortlink":"https:\/\/wp.me\/P9djkl-6H","jetpack_likes_enabled":true,"jetpack-related-posts":[],"_links":{"self":[{"href":"http:\/\/ngc1997.fr\/Astrophotographie\/wp-json\/wp\/v2\/pages\/415"}],"collection":[{"href":"http:\/\/ngc1997.fr\/Astrophotographie\/wp-json\/wp\/v2\/pages"}],"about":[{"href":"http:\/\/ngc1997.fr\/Astrophotographie\/wp-json\/wp\/v2\/types\/page"}],"author":[{"embeddable":true,"href":"http:\/\/ngc1997.fr\/Astrophotographie\/wp-json\/wp\/v2\/users\/2"}],"replies":[{"embeddable":true,"href":"http:\/\/ngc1997.fr\/Astrophotographie\/wp-json\/wp\/v2\/comments?post=415"}],"version-history":[{"count":0,"href":"http:\/\/ngc1997.fr\/Astrophotographie\/wp-json\/wp\/v2\/pages\/415\/revisions"}],"up":[{"embeddable":true,"href":"http:\/\/ngc1997.fr\/Astrophotographie\/wp-json\/wp\/v2\/pages\/202"}],"wp:attachment":[{"href":"http:\/\/ngc1997.fr\/Astrophotographie\/wp-json\/wp\/v2\/media?parent=415"}],"curies":[{"name":"wp","href":"https:\/\/api.w.org\/{rel}","templated":true}]}}