{"id":442,"date":"2009-10-30T17:33:30","date_gmt":"2009-10-30T15:33:30","guid":{"rendered":"http:\/\/ngc1997.fr\/Astrophotographie\/?page_id=442"},"modified":"2009-12-28T16:58:06","modified_gmt":"2009-12-28T15:58:06","slug":"sentier-planetaire","status":"publish","type":"page","link":"http:\/\/ngc1997.fr\/Astrophotographie\/album-photo\/sorties-astronomiques\/sentier-planetaire","title":{"rendered":"Sentier plan\u00e9taire"},"content":{"rendered":"<p>Le sentier plan\u00e9taire \u00e0 Valberg (06470) :<\/p>\nngg_shortcode_0_placeholder\n","protected":false},"excerpt":{"rendered":"<p>Le sentier plan\u00e9taire \u00e0 Valberg (06470) :<\/p>\n","protected":false},"author":2,"featured_media":0,"parent":414,"menu_order":0,"comment_status":"open","ping_status":"open","template":"","meta":{"ngg_post_thumbnail":0,"jetpack_post_was_ever_published":false,"footnotes":""},"class_list":["post-442","page","type-page","status-publish","hentry","nodate","item-wrap"],"jetpack_sharing_enabled":true,"jetpack_shortlink":"https:\/\/wp.me\/P9djkl-78","jetpack_likes_enabled":true,"jetpack-related-posts":[],"_links":{"self":[{"href":"http:\/\/ngc1997.fr\/Astrophotographie\/wp-json\/wp\/v2\/pages\/442"}],"collection":[{"href":"http:\/\/ngc1997.fr\/Astrophotographie\/wp-json\/wp\/v2\/pages"}],"about":[{"href":"http:\/\/ngc1997.fr\/Astrophotographie\/wp-json\/wp\/v2\/types\/page"}],"author":[{"embeddable":true,"href":"http:\/\/ngc1997.fr\/Astrophotographie\/wp-json\/wp\/v2\/users\/2"}],"replies":[{"embeddable":true,"href":"http:\/\/ngc1997.fr\/Astrophotographie\/wp-json\/wp\/v2\/comments?post=442"}],"version-history":[{"count":0,"href":"http:\/\/ngc1997.fr\/Astrophotographie\/wp-json\/wp\/v2\/pages\/442\/revisions"}],"up":[{"embeddable":true,"href":"http:\/\/ngc1997.fr\/Astrophotographie\/wp-json\/wp\/v2\/pages\/414"}],"wp:attachment":[{"href":"http:\/\/ngc1997.fr\/Astrophotographie\/wp-json\/wp\/v2\/media?parent=442"}],"curies":[{"name":"wp","href":"https:\/\/api.w.org\/{rel}","templated":true}]}}